{"id":17,"date":"2018-08-10T23:35:14","date_gmt":"2018-08-10T20:35:14","guid":{"rendered":"http:\/\/www.kahvihuone.net\/pml\/?page_id=17"},"modified":"2024-12-01T18:30:38","modified_gmt":"2024-12-01T16:30:38","slug":"etusivu","status":"publish","type":"page","link":"http:\/\/www.pyhanmartinlaulajat.fi\/","title":{"rendered":"Etusivu"},"content":{"rendered":"<p>Pyh\u00e4n Martin Laulajat kutsuu sinut sivuilleen. Selaile, klikkaa, lue ja tutustu!<\/p>\n<p>Tervetuloa my\u00f6s kuulemaan lauluamme.<br>\nKatso keikkakalenteristamme, miss\u00e4 esiinnymme seuraavaksi ja tule paikalle. Tai tilaa ihan oma keikka!<\/p>\n\n\n<p><\/p>\n","protected":false},"excerpt":{"rendered":"<p>Pyh\u00e4n Martin Laulajat kutsuu sinut sivuilleen. Selaile, klikkaa, lue ja tutustu! Tervetuloa my\u00f6s kuulemaan lauluamme. Katso keikkakalenteristamme, miss\u00e4 esiinnymme seuraavaksi ja tule paikalle. Tai tilaa ihan oma keikka!<\/p>\n","protected":false},"author":1,"featured_media":341,"parent":0,"menu_order":0,"comment_status":"closed","ping_status":"closed","template":"","meta":{"footnotes":""},"class_list":["post-17","page","type-page","status-publish","has-post-thumbnail","hentry"],"_links":{"self":[{"href":"http:\/\/www.pyhanmartinlaulajat.fi\/index.php\/wp-json\/wp\/v2\/pages\/17"}],"collection":[{"href":"http:\/\/www.pyhanmartinlaulajat.fi\/index.php\/wp-json\/wp\/v2\/pages"}],"about":[{"href":"http:\/\/www.pyhanmartinlaulajat.fi\/index.php\/wp-json\/wp\/v2\/types\/page"}],"author":[{"embeddable":true,"href":"http:\/\/www.pyhanmartinlaulajat.fi\/index.php\/wp-json\/wp\/v2\/users\/1"}],"replies":[{"embeddable":true,"href":"http:\/\/www.pyhanmartinlaulajat.fi\/index.php\/wp-json\/wp\/v2\/comments?post=17"}],"version-history":[{"count":7,"href":"http:\/\/www.pyhanmartinlaulajat.fi\/index.php\/wp-json\/wp\/v2\/pages\/17\/revisions"}],"predecessor-version":[{"id":323,"href":"http:\/\/www.pyhanmartinlaulajat.fi\/index.php\/wp-json\/wp\/v2\/pages\/17\/revisions\/323"}],"wp:featuredmedia":[{"embeddable":true,"href":"http:\/\/www.pyhanmartinlaulajat.fi\/index.php\/wp-json\/wp\/v2\/media\/341"}],"wp:attachment":[{"href":"http:\/\/www.pyhanmartinlaulajat.fi\/index.php\/wp-json\/wp\/v2\/media?parent=17"}],"curies":[{"name":"wp","href":"https:\/\/api.w.org\/{rel}","templated":true}]}}