{"id":18,"date":"2019-02-14T17:50:13","date_gmt":"2019-02-14T15:50:13","guid":{"rendered":"http:\/\/www.kahvihuone.net\/pml\/?page_id=18"},"modified":"2019-02-14T21:38:32","modified_gmt":"2019-02-14T19:38:32","slug":"tietoja","status":"publish","type":"page","link":"http:\/\/www.pyhanmartinlaulajat.fi\/index.php\/tietoja\/","title":{"rendered":"Esittely"},"content":{"rendered":"<p>Pyh\u00e4n Martin Laulajat on raisiolainen lauluyhtye, jolle on t\u00e4rke\u00e4\u00e4 saada tehd\u00e4 monenlaista, eri aikakausien ja tyylien musiikkia. Ohjelmistomme koostuu keskiaikaisesta musiikista negrospirituaaleihin, modernimmasta kirkkomusiikista kansanlauluihin, viihteeseen tai vaikkapa jazziin.<\/p>\n<p>Miksi laulamme? Lyhyesti sanottuna uskomme, ett\u00e4 musiikin avulla el\u00e4m\u00e4 on monin verroin antoisampaa.<\/p>\n<p>Lyhyesti me olemme:<\/p>\n<p>&#8211; laulua ilman s\u00e4estyst\u00e4, mutta ei ilman tunnetta<br \/>\n&#8211; sanoja ja s\u00e4veli\u00e4, jotka koskettavat, vaikuttavat, viihdytt\u00e4v\u00e4t<br \/>\n&#8211; olemassa sen takia, ett\u00e4 nautimme yhdess\u00e4 musisoimisesta, mutta haluamme jakaa tuon tunteen my\u00f6s yleis\u00f6mme kanssa.<\/p>\n","protected":false},"excerpt":{"rendered":"<p>Pyh\u00e4n Martin Laulajat on raisiolainen lauluyhtye, jolle on t\u00e4rke\u00e4\u00e4 saada tehd\u00e4 monenlaista, eri aikakausien ja tyylien musiikkia. Ohjelmistomme koostuu keskiaikaisesta musiikista negrospirituaaleihin, modernimmasta kirkkomusiikista kansanlauluihin, viihteeseen tai vaikkapa jazziin. Miksi laulamme? Lyhyesti sanottuna uskomme, ett\u00e4 musiikin avulla el\u00e4m\u00e4 on monin verroin antoisampaa. Lyhyesti me olemme: &#8211; laulua ilman s\u00e4estyst\u00e4, mutta ei ilman tunnetta &#8211; sanoja &hellip; <\/p>\n<p class=\"link-more\"><a href=\"http:\/\/www.pyhanmartinlaulajat.fi\/index.php\/tietoja\/\" class=\"more-link\">Jatka lukemista<span class=\"screen-reader-text\"> &#8221;Esittely&#8221;<\/span><\/a><\/p>\n","protected":false},"author":1,"featured_media":0,"parent":0,"menu_order":0,"comment_status":"closed","ping_status":"closed","template":"","meta":{"footnotes":""},"class_list":["post-18","page","type-page","status-publish","hentry"],"_links":{"self":[{"href":"http:\/\/www.pyhanmartinlaulajat.fi\/index.php\/wp-json\/wp\/v2\/pages\/18"}],"collection":[{"href":"http:\/\/www.pyhanmartinlaulajat.fi\/index.php\/wp-json\/wp\/v2\/pages"}],"about":[{"href":"http:\/\/www.pyhanmartinlaulajat.fi\/index.php\/wp-json\/wp\/v2\/types\/page"}],"author":[{"embeddable":true,"href":"http:\/\/www.pyhanmartinlaulajat.fi\/index.php\/wp-json\/wp\/v2\/users\/1"}],"replies":[{"embeddable":true,"href":"http:\/\/www.pyhanmartinlaulajat.fi\/index.php\/wp-json\/wp\/v2\/comments?post=18"}],"version-history":[{"count":7,"href":"http:\/\/www.pyhanmartinlaulajat.fi\/index.php\/wp-json\/wp\/v2\/pages\/18\/revisions"}],"predecessor-version":[{"id":240,"href":"http:\/\/www.pyhanmartinlaulajat.fi\/index.php\/wp-json\/wp\/v2\/pages\/18\/revisions\/240"}],"wp:attachment":[{"href":"http:\/\/www.pyhanmartinlaulajat.fi\/index.php\/wp-json\/wp\/v2\/media?parent=18"}],"curies":[{"name":"wp","href":"https:\/\/api.w.org\/{rel}","templated":true}]}}