{"id":182,"date":"2019-02-14T20:55:55","date_gmt":"2019-02-14T18:55:55","guid":{"rendered":"http:\/\/www.kahvihuone.net\/pml\/?page_id=182"},"modified":"2019-02-14T20:55:55","modified_gmt":"2019-02-14T18:55:55","slug":"2006-2","status":"publish","type":"page","link":"http:\/\/www.pyhanmartinlaulajat.fi\/index.php\/2006-2\/","title":{"rendered":"2006"},"content":{"rendered":"<p>01.01.\u00a0\u00a0\u00a0\u00a0\u00a0\u00a0\u00a0 Arkkipiispan uuden vuoden vastaanotto, Piispantalo, Turku<br \/>\n19.02.\u00a0\u00a0\u00a0\u00a0\u00a0\u00a0 Radiojumalanpalvelus, Raision kirkko<br \/>\n14.04.\u00a0\u00a0\u00a0\u00a0\u00a0\u00a0 Pitk\u00e4perjantain sanajumalanpalvelus, Raision kirkko<br \/>\n04.06.\u00a0\u00a0\u00a0\u00a0\u00a0 Viihdekonsertti Naantalin Kylpyl\u00e4n Cafe Roma<br \/>\n27.08.\u00a0\u00a0\u00a0\u00a0\u00a0\u00a0 Radiojumalanpalvelus, Raision kirkko<br \/>\n05.11.\u00a0\u00a0\u00a0\u00a0\u00a0\u00a0\u00a0 &#8221;Valoa ja varjoja&#8221;-konsertti, Raision kirkko<br \/>\n19.11.\u00a0\u00a0\u00a0\u00a0\u00a0\u00a0\u00a0\u00a0 &#8221;Valoa ja varjoja&#8221;-konsertti, Kakskerran kirkko<br \/>\n06.12.\u00a0\u00a0\u00a0\u00a0\u00a0\u00a0 Itsen\u00e4isyysp\u00e4iv\u00e4n juhla, Raision kaupungintalo<br \/>\n10.12.\u00a0\u00a0\u00a0\u00a0\u00a0\u00a0\u00a0 Kauneimmat joululaulut, Raision kirkko<br \/>\n25.12.\u00a0\u00a0\u00a0\u00a0\u00a0\u00a0\u00a0 S\u00e4velhartaus, Raision kirkko<\/p>\n","protected":false},"excerpt":{"rendered":"<p>01.01.\u00a0\u00a0\u00a0\u00a0\u00a0\u00a0\u00a0 Arkkipiispan uuden vuoden vastaanotto, Piispantalo, Turku 19.02.\u00a0\u00a0\u00a0\u00a0\u00a0\u00a0 Radiojumalanpalvelus, Raision kirkko 14.04.\u00a0\u00a0\u00a0\u00a0\u00a0\u00a0 Pitk\u00e4perjantain sanajumalanpalvelus, Raision kirkko 04.06.\u00a0\u00a0\u00a0\u00a0\u00a0 Viihdekonsertti Naantalin Kylpyl\u00e4n Cafe Roma 27.08.\u00a0\u00a0\u00a0\u00a0\u00a0\u00a0 Radiojumalanpalvelus, Raision kirkko 05.11.\u00a0\u00a0\u00a0\u00a0\u00a0\u00a0\u00a0 &#8221;Valoa ja varjoja&#8221;-konsertti, Raision kirkko 19.11.\u00a0\u00a0\u00a0\u00a0\u00a0\u00a0\u00a0\u00a0 &#8221;Valoa ja varjoja&#8221;-konsertti, Kakskerran kirkko 06.12.\u00a0\u00a0\u00a0\u00a0\u00a0\u00a0 Itsen\u00e4isyysp\u00e4iv\u00e4n juhla, Raision kaupungintalo 10.12.\u00a0\u00a0\u00a0\u00a0\u00a0\u00a0\u00a0 Kauneimmat joululaulut, Raision kirkko 25.12.\u00a0\u00a0\u00a0\u00a0\u00a0\u00a0\u00a0 S\u00e4velhartaus, Raision kirkko<\/p>\n","protected":false},"author":1,"featured_media":0,"parent":0,"menu_order":0,"comment_status":"closed","ping_status":"closed","template":"","meta":{"footnotes":""},"class_list":["post-182","page","type-page","status-publish","hentry"],"_links":{"self":[{"href":"http:\/\/www.pyhanmartinlaulajat.fi\/index.php\/wp-json\/wp\/v2\/pages\/182"}],"collection":[{"href":"http:\/\/www.pyhanmartinlaulajat.fi\/index.php\/wp-json\/wp\/v2\/pages"}],"about":[{"href":"http:\/\/www.pyhanmartinlaulajat.fi\/index.php\/wp-json\/wp\/v2\/types\/page"}],"author":[{"embeddable":true,"href":"http:\/\/www.pyhanmartinlaulajat.fi\/index.php\/wp-json\/wp\/v2\/users\/1"}],"replies":[{"embeddable":true,"href":"http:\/\/www.pyhanmartinlaulajat.fi\/index.php\/wp-json\/wp\/v2\/comments?post=182"}],"version-history":[{"count":1,"href":"http:\/\/www.pyhanmartinlaulajat.fi\/index.php\/wp-json\/wp\/v2\/pages\/182\/revisions"}],"predecessor-version":[{"id":184,"href":"http:\/\/www.pyhanmartinlaulajat.fi\/index.php\/wp-json\/wp\/v2\/pages\/182\/revisions\/184"}],"wp:attachment":[{"href":"http:\/\/www.pyhanmartinlaulajat.fi\/index.php\/wp-json\/wp\/v2\/media?parent=182"}],"curies":[{"name":"wp","href":"https:\/\/api.w.org\/{rel}","templated":true}]}}