{"id":194,"date":"2019-02-14T21:01:28","date_gmt":"2019-02-14T19:01:28","guid":{"rendered":"http:\/\/www.kahvihuone.net\/pml\/?page_id=194"},"modified":"2019-02-14T21:32:49","modified_gmt":"2019-02-14T19:32:49","slug":"2010-2","status":"publish","type":"page","link":"http:\/\/www.pyhanmartinlaulajat.fi\/index.php\/2010-2\/","title":{"rendered":"2010"},"content":{"rendered":"<p>14.01.- 21.01. <strong>Suom. ekumeenisen delegaation matka Roomaan:<\/strong><br \/>\n15.01.\u00a0\u00a0\u00a0\u00a0\u00a0 \u00a0\u00a0St Edigio-yhteis\u00f6n vesper, Santa Maria in Trastevere<br \/>\n16.01.\u00a0\u00a0\u00a0\u00a0\u00a0\u00a0\u00a0 Benedikt.vesper, Basilica Papale di San Paolo fuori del Mura<br \/>\n16.01.\u00a0\u00a0\u00a0\u00a0\u00a0\u00a0\u00a0 Vastaanotto Suomen Rooman instituutissa, Villa Lante<br \/>\n17.01.\u00a0\u00a0\u00a0 \u00a0\u00a0\u00a0\u00a0Messu, La Chiesa Evangelica Luterana Tedesca<br \/>\n17.01.\u00a0\u00a0\u00a0\u00a0\u00a0\u00a0\u00a0 Kahvitilaisuus italialais-saksalaisen messun j\u00e4lkeen<br \/>\n18.01.\u00a0\u00a0\u00a0\u00a0\u00a0\u00a0\u00a0 Lounastilaisuus, Suomen Italian suurl\u00e4hettil\u00e4\u00e4n residenssi<br \/>\n18.01.\u00a0\u00a0\u00a0\u00a0\u00a0\u00a0\u00a0 Ekumeeninen vesper, Chiesa di Santa Brigida<br \/>\n18.01.\u00a0\u00a0\u00a0\u00a0\u00a0\u00a0\u00a0 Birgittalaissisarten vastaanotto luostarin salissa<br \/>\n19.01.\u00a0\u00a0\u00a0\u00a0\u00a0\u00a0\u00a0 Pyh\u00e4n Henrikin messu, Santa Maria Sopra Minervan kirkko<br \/>\n19.01.\u00a0\u00a0\u00a0\u00a0\u00a0\u00a0\u00a0 Suomen piispojen ekumeenisen pyhiinvaelluksen 25-vuotisjuhlavastaanotto birgittalaissisarten luona<br \/>\n20.01.\u00a0\u00a0\u00a0\u00a0\u00a0\u00a0\u00a0 Konsertti, Chiesa di San Carlo alle Quattro Fontane<\/p>\n<p>27.03.\u00a0\u00a0\u00a0\u00a0\u00a0\u00a0\u00a0 Earth Hour, Raision kirkko<br \/>\n16.05.\u00a0\u00a0\u00a0\u00a0\u00a0\u00a0\u00a0 Arkkipiispa Jukka Paarman l\u00e4ht\u00f6juhla, Aurelia, Turku<br \/>\n02.09.\u00a0\u00a0\u00a0\u00a0\u00a0\u00a0 Yksityistilaisuus, Turku<br \/>\n02.09.\u00a0\u00a0\u00a0\u00a0\u00a0\u00a0 Viihdekonsertti, Naantalin kylpyl\u00e4<br \/>\n21.09.\u00a0\u00a0\u00a0\u00a0\u00a0\u00a0\u00a0 65-vuotiaiden syntym\u00e4p\u00e4iv\u00e4juhla, Raision srk-talo<br \/>\n22.09.\u00a0\u00a0\u00a0\u00a0\u00a0\u00a0\u00a0 70-vuotiaiden syntym\u00e4p\u00e4iv\u00e4juhla, Raision srk-talo<br \/>\n01.10.\u00a0\u00a0\u00a0\u00a0\u00a0\u00a0\u00a0 &#8221;Pyh\u00e4n kohtaaminen kulttuurissa&#8221; Kulttuurifoorumi, Dom<br \/>\n06.11.\u00a0\u00a0\u00a0\u00a0\u00a0\u00a0\u00a0\u00a0 Kaksi Pyhien muisto -tilaisuutta, Raision kirkko<br \/>\n11.12.\u00a0\u00a0\u00a0\u00a0\u00a0\u00a0\u00a0 &#8221;Joulu, loisteesi luo&#8221; -konsertti, Raision kirkko<br \/>\n16.12.\u00a0\u00a0\u00a0\u00a0\u00a0\u00a0\u00a0\u00a0 LC-klubien jouluhartaus ja -juhla Raision kirkko ja srk-talo<br \/>\n18.12.\u00a0\u00a0\u00a0\u00a0\u00a0\u00a0\u00a0 &#8221;Joulu, loisteesi luo&#8221; -konsertti, Keiky\u00e4n kirkko<\/p>\n","protected":false},"excerpt":{"rendered":"<p>14.01.- 21.01. Suom. ekumeenisen delegaation matka Roomaan: 15.01.\u00a0\u00a0\u00a0\u00a0\u00a0 \u00a0\u00a0St Edigio-yhteis\u00f6n vesper, Santa Maria in Trastevere 16.01.\u00a0\u00a0\u00a0\u00a0\u00a0\u00a0\u00a0 Benedikt.vesper, Basilica Papale di San Paolo fuori del Mura 16.01.\u00a0\u00a0\u00a0\u00a0\u00a0\u00a0\u00a0 Vastaanotto Suomen Rooman instituutissa, Villa Lante 17.01.\u00a0\u00a0\u00a0 \u00a0\u00a0\u00a0\u00a0Messu, La Chiesa Evangelica Luterana Tedesca 17.01.\u00a0\u00a0\u00a0\u00a0\u00a0\u00a0\u00a0 Kahvitilaisuus italialais-saksalaisen messun j\u00e4lkeen 18.01.\u00a0\u00a0\u00a0\u00a0\u00a0\u00a0\u00a0 Lounastilaisuus, Suomen Italian suurl\u00e4hettil\u00e4\u00e4n residenssi 18.01.\u00a0\u00a0\u00a0\u00a0\u00a0\u00a0\u00a0 Ekumeeninen vesper, Chiesa di &hellip; <\/p>\n<p class=\"link-more\"><a href=\"http:\/\/www.pyhanmartinlaulajat.fi\/index.php\/2010-2\/\" class=\"more-link\">Jatka lukemista<span class=\"screen-reader-text\"> &#8221;2010&#8221;<\/span><\/a><\/p>\n","protected":false},"author":1,"featured_media":0,"parent":0,"menu_order":0,"comment_status":"closed","ping_status":"closed","template":"","meta":{"footnotes":""},"class_list":["post-194","page","type-page","status-publish","hentry"],"_links":{"self":[{"href":"http:\/\/www.pyhanmartinlaulajat.fi\/index.php\/wp-json\/wp\/v2\/pages\/194"}],"collection":[{"href":"http:\/\/www.pyhanmartinlaulajat.fi\/index.php\/wp-json\/wp\/v2\/pages"}],"about":[{"href":"http:\/\/www.pyhanmartinlaulajat.fi\/index.php\/wp-json\/wp\/v2\/types\/page"}],"author":[{"embeddable":true,"href":"http:\/\/www.pyhanmartinlaulajat.fi\/index.php\/wp-json\/wp\/v2\/users\/1"}],"replies":[{"embeddable":true,"href":"http:\/\/www.pyhanmartinlaulajat.fi\/index.php\/wp-json\/wp\/v2\/comments?post=194"}],"version-history":[{"count":4,"href":"http:\/\/www.pyhanmartinlaulajat.fi\/index.php\/wp-json\/wp\/v2\/pages\/194\/revisions"}],"predecessor-version":[{"id":236,"href":"http:\/\/www.pyhanmartinlaulajat.fi\/index.php\/wp-json\/wp\/v2\/pages\/194\/revisions\/236"}],"wp:attachment":[{"href":"http:\/\/www.pyhanmartinlaulajat.fi\/index.php\/wp-json\/wp\/v2\/media?parent=194"}],"curies":[{"name":"wp","href":"https:\/\/api.w.org\/{rel}","templated":true}]}}