{"id":209,"date":"2019-02-14T21:13:43","date_gmt":"2019-02-14T19:13:43","guid":{"rendered":"http:\/\/www.kahvihuone.net\/pml\/?page_id=209"},"modified":"2019-02-14T21:13:43","modified_gmt":"2019-02-14T19:13:43","slug":"2015-2","status":"publish","type":"page","link":"http:\/\/www.pyhanmartinlaulajat.fi\/index.php\/2015-2\/","title":{"rendered":"2015"},"content":{"rendered":"<p>08.02.\u00a0\u00a0\u00a0\u00a0\u00a0\u00a0\u00a0\u00a0\u00a0 Messu, Raision kirkko<br \/>11.03.\u00a0\u00a0\u00a0\u00a0\u00a0\u00a0\u00a0\u00a0\u00a0\u00a0\u00a0 Esiintyminen kirkkovaltuuston koulutustilaisuudessa ja hartaudessa<br \/>24.03.\u00a0\u00a0\u00a0\u00a0\u00a0\u00a0\u00a0\u00a0\u00a0 65-vuotiaiden syntym\u00e4p\u00e4iv\u00e4juhla, Raision srk-talo<br \/>03.04.\u00a0\u00a0\u00a0\u00a0\u00a0\u00a0\u00a0\u00a0\u00a0 Pitk\u00e4perjantain sanajumalanpalvelus, Raision kirkko<br \/>03.04.\u00a0\u00a0 \u00a0 \u00a0\u00a0\u00a0\u00a0 Seppo P\u00e4nk\u00e4l\u00e4isen Luukas-passio yhdess\u00e4 Martinus-kuoron kanssa<br \/>12.04.\u00a0\u00a0\u00a0\u00a0\u00a0\u00a0\u00a0\u00a0\u00a0\u00a0 Radiojumalanpalvelus, Raision kirkko<br \/>31.05.\u00a0\u00a0\u00a0\u00a0\u00a0\u00a0\u00a0\u00a0\u00a0\u00a0 Messu, Raision kirkko<br \/>10.06.\u00a0\u00a0\u00a0\u00a0\u00a0\u00a0\u00a0\u00a0\u00a0\u00a0 Suvi-illan hartaus, jonka yhteydess\u00e4 seurakunnalle luovutettiin Ymp\u00e4rist\u00f6diplomi<br \/>16.08.\u00a0\u00a0\u00a0\u00a0\u00a0\u00a0\u00a0\u00a0\u00a0\u00a0 Musiikkihetki, Ihalan Martti-hoivakoti<br \/>11.10.\u00a0\u00a0\u00a0\u00a0\u00a0\u00a0\u00a0\u00a0\u00a0\u00a0\u00a0\u00a0 Radiojumalanpalvelus, Raision kirkko<br \/>24.10.\u00a0\u00a0\u00a0\u00a0\u00a0\u00a0\u00a0\u00a0\u00a0\u00a0 Turun kristillisen opiston 90-vuotisjuhla, Logomo<br \/>31.10.\u00a0\u00a0\u00a0 \u00a0\u00a0\u00a0\u00a0\u00a0\u00a0\u00a0\u00a0Valoa y\u00f6ss\u00e4 -tilaisuus, Pyh\u00e4n Katariinan kirkko<br \/>10.12.\u00a0\u00a0\u00a0\u00a0\u00a0\u00a0\u00a0\u00a0\u00a0\u00a0\u00a0 Raision Karjalaseuran joulujuhla, Tornila<br \/>16.12.\u00a0\u00a0\u00a0\u00a0\u00a0\u00a0\u00a0\u00a0\u00a0\u00a0\u00a0 Nyt seimelle -joulukonsertti, Raision kirkko<br \/>17.12.\u00a0\u00a0\u00a0\u00a0\u00a0\u00a0\u00a0\u00a0\u00a0\u00a0\u00a0 LC-klubien jouluhartaus ja -juhla, Raision kirkko ja srk-talo<br \/>21.12.\u00a0\u00a0\u00a0\u00a0\u00a0\u00a0\u00a0\u00a0\u00a0\u00a0\u00a0 Kauneimmat joululaulut, Raision kirkko<\/p>\n\n\n<p><\/p>\n","protected":false},"excerpt":{"rendered":"<p>08.02.\u00a0\u00a0\u00a0\u00a0\u00a0\u00a0\u00a0\u00a0\u00a0 Messu, Raision kirkko11.03.\u00a0\u00a0\u00a0\u00a0\u00a0\u00a0\u00a0\u00a0\u00a0\u00a0\u00a0 Esiintyminen kirkkovaltuuston koulutustilaisuudessa ja hartaudessa24.03.\u00a0\u00a0\u00a0\u00a0\u00a0\u00a0\u00a0\u00a0\u00a0 65-vuotiaiden syntym\u00e4p\u00e4iv\u00e4juhla, Raision srk-talo03.04.\u00a0\u00a0\u00a0\u00a0\u00a0\u00a0\u00a0\u00a0\u00a0 Pitk\u00e4perjantain sanajumalanpalvelus, Raision kirkko03.04.\u00a0\u00a0 \u00a0 \u00a0\u00a0\u00a0\u00a0 Seppo P\u00e4nk\u00e4l\u00e4isen Luukas-passio yhdess\u00e4 Martinus-kuoron kanssa12.04.\u00a0\u00a0\u00a0\u00a0\u00a0\u00a0\u00a0\u00a0\u00a0\u00a0 Radiojumalanpalvelus, Raision kirkko31.05.\u00a0\u00a0\u00a0\u00a0\u00a0\u00a0\u00a0\u00a0\u00a0\u00a0 Messu, Raision kirkko10.06.\u00a0\u00a0\u00a0\u00a0\u00a0\u00a0\u00a0\u00a0\u00a0\u00a0 Suvi-illan hartaus, jonka yhteydess\u00e4 seurakunnalle luovutettiin Ymp\u00e4rist\u00f6diplomi16.08.\u00a0\u00a0\u00a0\u00a0\u00a0\u00a0\u00a0\u00a0\u00a0\u00a0 Musiikkihetki, Ihalan Martti-hoivakoti11.10.\u00a0\u00a0\u00a0\u00a0\u00a0\u00a0\u00a0\u00a0\u00a0\u00a0\u00a0\u00a0 Radiojumalanpalvelus, Raision kirkko24.10.\u00a0\u00a0\u00a0\u00a0\u00a0\u00a0\u00a0\u00a0\u00a0\u00a0 Turun kristillisen opiston 90-vuotisjuhla, Logomo31.10.\u00a0\u00a0\u00a0 \u00a0\u00a0\u00a0\u00a0\u00a0\u00a0\u00a0\u00a0Valoa y\u00f6ss\u00e4 -tilaisuus, Pyh\u00e4n Katariinan kirkko10.12.\u00a0\u00a0\u00a0\u00a0\u00a0\u00a0\u00a0\u00a0\u00a0\u00a0\u00a0 &hellip; <\/p>\n<p class=\"link-more\"><a href=\"http:\/\/www.pyhanmartinlaulajat.fi\/index.php\/2015-2\/\" class=\"more-link\">Jatka lukemista<span class=\"screen-reader-text\"> &#8221;2015&#8221;<\/span><\/a><\/p>\n","protected":false},"author":1,"featured_media":0,"parent":0,"menu_order":0,"comment_status":"closed","ping_status":"closed","template":"","meta":{"footnotes":""},"class_list":["post-209","page","type-page","status-publish","hentry"],"_links":{"self":[{"href":"http:\/\/www.pyhanmartinlaulajat.fi\/index.php\/wp-json\/wp\/v2\/pages\/209"}],"collection":[{"href":"http:\/\/www.pyhanmartinlaulajat.fi\/index.php\/wp-json\/wp\/v2\/pages"}],"about":[{"href":"http:\/\/www.pyhanmartinlaulajat.fi\/index.php\/wp-json\/wp\/v2\/types\/page"}],"author":[{"embeddable":true,"href":"http:\/\/www.pyhanmartinlaulajat.fi\/index.php\/wp-json\/wp\/v2\/users\/1"}],"replies":[{"embeddable":true,"href":"http:\/\/www.pyhanmartinlaulajat.fi\/index.php\/wp-json\/wp\/v2\/comments?post=209"}],"version-history":[{"count":1,"href":"http:\/\/www.pyhanmartinlaulajat.fi\/index.php\/wp-json\/wp\/v2\/pages\/209\/revisions"}],"predecessor-version":[{"id":211,"href":"http:\/\/www.pyhanmartinlaulajat.fi\/index.php\/wp-json\/wp\/v2\/pages\/209\/revisions\/211"}],"wp:attachment":[{"href":"http:\/\/www.pyhanmartinlaulajat.fi\/index.php\/wp-json\/wp\/v2\/media?parent=209"}],"curies":[{"name":"wp","href":"https:\/\/api.w.org\/{rel}","templated":true}]}}