{"id":241,"date":"2019-02-14T21:43:04","date_gmt":"2019-02-14T19:43:04","guid":{"rendered":"http:\/\/www.kahvihuone.net\/pml\/?page_id=241"},"modified":"2024-10-08T21:07:20","modified_gmt":"2024-10-08T18:07:20","slug":"laulajat","status":"publish","type":"page","link":"http:\/\/www.pyhanmartinlaulajat.fi\/index.php\/laulajat\/","title":{"rendered":"Laulajat"},"content":{"rendered":"<p>Olemme laulaneet kukin ensin tahoillamme, kunnes halumme laulaa yhdess\u00e4 toi meid\u00e4t riste\u00e4vien polkujen kautta yhteen.<\/p>\n<p>T\u00e4ss\u00e4 me olemme.<\/p>\n<p>Miia Rasanen, sopraano<br \/>\nTuija Savolainen, 1. altto<br \/>\nMinna Tarvola, 2. altto<br \/>\nPekka Saarikivi, tenori<br \/>\nRisto Savolainen, basso<\/p>\n","protected":false},"excerpt":{"rendered":"<p>Olemme laulaneet kukin ensin tahoillamme, kunnes halumme laulaa yhdess\u00e4 toi meid\u00e4t riste\u00e4vien polkujen kautta yhteen. T\u00e4ss\u00e4 me olemme. Miia Rasanen, sopraano Tuija Savolainen, 1. altto Minna Tarvola, 2. altto Pekka Saarikivi, tenori Risto Savolainen, basso<\/p>\n","protected":false},"author":1,"featured_media":0,"parent":0,"menu_order":0,"comment_status":"closed","ping_status":"closed","template":"","meta":{"footnotes":""},"class_list":["post-241","page","type-page","status-publish","hentry"],"_links":{"self":[{"href":"http:\/\/www.pyhanmartinlaulajat.fi\/index.php\/wp-json\/wp\/v2\/pages\/241"}],"collection":[{"href":"http:\/\/www.pyhanmartinlaulajat.fi\/index.php\/wp-json\/wp\/v2\/pages"}],"about":[{"href":"http:\/\/www.pyhanmartinlaulajat.fi\/index.php\/wp-json\/wp\/v2\/types\/page"}],"author":[{"embeddable":true,"href":"http:\/\/www.pyhanmartinlaulajat.fi\/index.php\/wp-json\/wp\/v2\/users\/1"}],"replies":[{"embeddable":true,"href":"http:\/\/www.pyhanmartinlaulajat.fi\/index.php\/wp-json\/wp\/v2\/comments?post=241"}],"version-history":[{"count":3,"href":"http:\/\/www.pyhanmartinlaulajat.fi\/index.php\/wp-json\/wp\/v2\/pages\/241\/revisions"}],"predecessor-version":[{"id":326,"href":"http:\/\/www.pyhanmartinlaulajat.fi\/index.php\/wp-json\/wp\/v2\/pages\/241\/revisions\/326"}],"wp:attachment":[{"href":"http:\/\/www.pyhanmartinlaulajat.fi\/index.php\/wp-json\/wp\/v2\/media?parent=241"}],"curies":[{"name":"wp","href":"https:\/\/api.w.org\/{rel}","templated":true}]}}