{"id":246,"date":"2019-02-14T21:55:01","date_gmt":"2019-02-14T19:55:01","guid":{"rendered":"http:\/\/www.kahvihuone.net\/pml\/?page_id=246"},"modified":"2019-02-14T21:55:01","modified_gmt":"2019-02-14T19:55:01","slug":"media","status":"publish","type":"page","link":"http:\/\/www.pyhanmartinlaulajat.fi\/index.php\/media\/","title":{"rendered":"Media"},"content":{"rendered":"\n<p>T\u00e4\u00e4lt\u00e4 l\u00f6yd\u00e4t kuvia yhtyeest\u00e4mme ja my\u00f6s ep\u00e4virallisia otoksia harjoitus- tai \u00e4\u00e4nitystilanteista. Viralliset pressikuvat t\u00e4\u00e4lt\u00e4 (ja t\u00e4\u00e4lt\u00e4 sana linkkin\u00e4).<br><\/p>\n","protected":false},"excerpt":{"rendered":"<p>T\u00e4\u00e4lt\u00e4 l\u00f6yd\u00e4t kuvia yhtyeest\u00e4mme ja my\u00f6s ep\u00e4virallisia otoksia harjoitus- tai \u00e4\u00e4nitystilanteista. Viralliset pressikuvat t\u00e4\u00e4lt\u00e4 (ja t\u00e4\u00e4lt\u00e4 sana linkkin\u00e4).<\/p>\n","protected":false},"author":1,"featured_media":0,"parent":0,"menu_order":0,"comment_status":"closed","ping_status":"closed","template":"","meta":{"footnotes":""},"class_list":["post-246","page","type-page","status-publish","hentry"],"_links":{"self":[{"href":"http:\/\/www.pyhanmartinlaulajat.fi\/index.php\/wp-json\/wp\/v2\/pages\/246"}],"collection":[{"href":"http:\/\/www.pyhanmartinlaulajat.fi\/index.php\/wp-json\/wp\/v2\/pages"}],"about":[{"href":"http:\/\/www.pyhanmartinlaulajat.fi\/index.php\/wp-json\/wp\/v2\/types\/page"}],"author":[{"embeddable":true,"href":"http:\/\/www.pyhanmartinlaulajat.fi\/index.php\/wp-json\/wp\/v2\/users\/1"}],"replies":[{"embeddable":true,"href":"http:\/\/www.pyhanmartinlaulajat.fi\/index.php\/wp-json\/wp\/v2\/comments?post=246"}],"version-history":[{"count":1,"href":"http:\/\/www.pyhanmartinlaulajat.fi\/index.php\/wp-json\/wp\/v2\/pages\/246\/revisions"}],"predecessor-version":[{"id":248,"href":"http:\/\/www.pyhanmartinlaulajat.fi\/index.php\/wp-json\/wp\/v2\/pages\/246\/revisions\/248"}],"wp:attachment":[{"href":"http:\/\/www.pyhanmartinlaulajat.fi\/index.php\/wp-json\/wp\/v2\/media?parent=246"}],"curies":[{"name":"wp","href":"https:\/\/api.w.org\/{rel}","templated":true}]}}