{"id":25,"date":"2018-08-10T23:50:09","date_gmt":"2018-08-10T20:50:09","guid":{"rendered":"http:\/\/www.kahvihuone.net\/pml\/?page_id=25"},"modified":"2024-10-29T16:29:38","modified_gmt":"2024-10-29T14:29:38","slug":"milestones","status":"publish","type":"page","link":"http:\/\/www.pyhanmartinlaulajat.fi\/index.php\/milestones\/","title":{"rendered":"Milestones"},"content":{"rendered":"<p>2002\u00a0 \u00a0 \u00a0 \u00a0 \u00a0 \u00a02010\u00a0 \u00a0 \u00a0 \u00a0 \u00a0 \u00a02018\u00a0 \u00a0 \u00a0 \u00a0 \u00a0 \u00a02024<\/p>\n<p>Olemme laulaneet yhdess\u00e4 vuodesta 2002 alkaen. Alunperin lauluyhtyeemme toimi kuuden laulajan kokoonpanona. Vuodesta 2010 eteenp\u00e4in jatkoimme viiden laulajan voimin Miia Rasasen l\u00e4hdetty\u00e4 kohti uusia haasteita. Vuonna 2018 oli seuraavan muutoksen aika, kun yhtyeemme tenori Ismo Gr\u00f6ndahl otti kes\u00e4ll\u00e4 uutta suuntaa soitinmusiikin pariin. Syksyll\u00e4 Ismon tilalla yhtyeemme tenorina aloitti Pekka Saarikivi. Raision seurakunnan kanttori Katarina Engstr\u00f6m toimi lauluyhtyeemme taiteellisena johtajana ja sopraanona kes\u00e4\u00e4n 2024 asti. Syksyll\u00e4 2024 meill\u00e4 oli ilo saada takaisin joukkoomme perustajaj\u00e4sen, sopraano Miia Rasanen nelj\u00e4ntoista vuoden tauon j\u00e4lkeen.<\/p>\n<p>Nimemme juontaa kotikirkkomme suojeluspyhimyksest\u00e4, <b>Pyh\u00e4st\u00e4 Martista<\/b>, joka vaikutti kristillisyyden alkuvuosisatoina Ranskassa.<\/p>\n<p>Aktiivisella osallistumisella Raision seurakunnan musiikkiel\u00e4m\u00e4\u00e4n ja tapahtumiin olemme vakiinnuttaneet asemamme kokoonpanona, joka on kompaktin kokonsa ansiosta ollut notkeasti ja joustavasti k\u00e4ytett\u00e4viss\u00e4 mit\u00e4 moninaisimmissa tilaisuuksissa. Arkistosta tietoja vanhoista esiintymisist\u00e4. Lis\u00e4ksi olemme esiintyneet monipuolisesti my\u00f6s muissa musiikki- ja kulttuuririennoissa niin koti- kuin ulkomailla. T\u00e4st\u00e4kin lis\u00e4\u00e4 arkiston k\u00e4tk\u00f6ist\u00e4.<\/p>\n","protected":false},"excerpt":{"rendered":"<p>2002\u00a0 \u00a0 \u00a0 \u00a0 \u00a0 \u00a02010\u00a0 \u00a0 \u00a0 \u00a0 \u00a0 \u00a02018\u00a0 \u00a0 \u00a0 \u00a0 \u00a0 \u00a02024 Olemme laulaneet yhdess\u00e4 vuodesta 2002 alkaen. Alunperin lauluyhtyeemme toimi kuuden laulajan kokoonpanona. Vuodesta 2010 eteenp\u00e4in jatkoimme viiden laulajan voimin Miia Rasasen l\u00e4hdetty\u00e4 kohti uusia haasteita. Vuonna 2018 oli seuraavan muutoksen aika, kun yhtyeemme tenori Ismo Gr\u00f6ndahl otti kes\u00e4ll\u00e4 uutta &hellip; <\/p>\n<p class=\"link-more\"><a href=\"http:\/\/www.pyhanmartinlaulajat.fi\/index.php\/milestones\/\" class=\"more-link\">Jatka lukemista<span class=\"screen-reader-text\"> &#8221;Milestones&#8221;<\/span><\/a><\/p>\n","protected":false},"author":1,"featured_media":0,"parent":0,"menu_order":0,"comment_status":"closed","ping_status":"closed","template":"","meta":{"footnotes":""},"class_list":["post-25","page","type-page","status-publish","hentry"],"_links":{"self":[{"href":"http:\/\/www.pyhanmartinlaulajat.fi\/index.php\/wp-json\/wp\/v2\/pages\/25"}],"collection":[{"href":"http:\/\/www.pyhanmartinlaulajat.fi\/index.php\/wp-json\/wp\/v2\/pages"}],"about":[{"href":"http:\/\/www.pyhanmartinlaulajat.fi\/index.php\/wp-json\/wp\/v2\/types\/page"}],"author":[{"embeddable":true,"href":"http:\/\/www.pyhanmartinlaulajat.fi\/index.php\/wp-json\/wp\/v2\/users\/1"}],"replies":[{"embeddable":true,"href":"http:\/\/www.pyhanmartinlaulajat.fi\/index.php\/wp-json\/wp\/v2\/comments?post=25"}],"version-history":[{"count":7,"href":"http:\/\/www.pyhanmartinlaulajat.fi\/index.php\/wp-json\/wp\/v2\/pages\/25\/revisions"}],"predecessor-version":[{"id":329,"href":"http:\/\/www.pyhanmartinlaulajat.fi\/index.php\/wp-json\/wp\/v2\/pages\/25\/revisions\/329"}],"wp:attachment":[{"href":"http:\/\/www.pyhanmartinlaulajat.fi\/index.php\/wp-json\/wp\/v2\/media?parent=25"}],"curies":[{"name":"wp","href":"https:\/\/api.w.org\/{rel}","templated":true}]}}